{"id":7747,"date":"2023-08-18T08:56:27","date_gmt":"2023-08-18T12:56:27","guid":{"rendered":"https:\/\/aqcamo.ca\/produit\/congres-2023\/"},"modified":"2024-07-23T20:07:23","modified_gmt":"2024-07-24T00:07:23","slug":"congres-2023","status":"publish","type":"product","link":"https:\/\/aqcamo.ca\/en\/produit\/congres-2023\/","title":{"rendered":"Congr\u00e8s 2023"},"content":{"rendered":"<p>[et_pb_section fb_built=&#8221;1&#8243; _builder_version=&#8221;4.16&#8243; global_colors_info=&#8221;{}&#8221;][et_pb_row _builder_version=&#8221;4.16&#8243; custom_padding=&#8221;||63px|||&#8221; global_colors_info=&#8221;{}&#8221;][et_pb_column type=&#8221;4_4&#8243; _builder_version=&#8221;4.16&#8243; global_colors_info=&#8221;{}&#8221;][et_pb_wc_title _builder_version=&#8221;4.20.4&#8243; header_font=&#8221;|800||on|||||&#8221; custom_margin=&#8221;||9px|||&#8221; global_colors_info=&#8221;{}&#8221;][\/et_pb_wc_title][et_pb_text disabled_on=&#8221;off|off|off&#8221; _builder_version=&#8221;4.20.4&#8243; global_colors_info=&#8221;{}&#8221;]<\/p>\n<p>Please note that the event will be held in French only.<\/p>\n<p>[\/et_pb_text][\/et_pb_column][\/et_pb_row][et_pb_row column_structure=&#8221;1_2,1_2&#8243; _builder_version=&#8221;4.17.4&#8243; _module_preset=&#8221;default&#8221; global_colors_info=&#8221;{}&#8221;][et_pb_column type=&#8221;1_2&#8243; _builder_version=&#8221;4.17.4&#8243; _module_preset=&#8221;default&#8221; global_colors_info=&#8221;{}&#8221;][et_pb_image src=&#8221;https:\/\/aqcamo.ca\/wp-content\/uploads\/2023\/08\/Banniere-infolettre-et-RS-600-x-400-pixels.png&#8221; title_text=&#8221;Banni\u00e8re infolettre et RS (600 x 400 pixels)&#8221; _builder_version=&#8221;4.20.4&#8243; _module_preset=&#8221;default&#8221; global_colors_info=&#8221;{}&#8221;][\/et_pb_image][\/et_pb_column][et_pb_column type=&#8221;1_2&#8243; _builder_version=&#8221;4.17.4&#8243; _module_preset=&#8221;default&#8221; global_colors_info=&#8221;{}&#8221;][et_pb_text _builder_version=&#8221;4.20.4&#8243; _module_preset=&#8221;default&#8221; global_colors_info=&#8221;{}&#8221;]<\/p>\n<p>AQCAMO is thrilled to announce that registration is now officially open for its Congress and Cocktail Reception. This event will be held on October 21, 2023, at the <a href=\"https:\/\/www.chumontreal.qc.ca\/crchum\" target=\"_blank\" rel=\"noopener\">CHUM Research Centre<\/a>, under the theme \u201c<strong>Partager nos exp\u00e9riences fait notre force<\/strong>\u201d, and will highlight the important role of CAMs within the oncology team.<\/p>\n<p>Dates: October 21, 2023<br \/>Time: 9:30\u00a0a.m. to 7\u00a0p.m.<br \/>Location: <a href=\"https:\/\/www.chumontreal.qc.ca\/crchum\" target=\"_blank\" rel=\"noopener\">CHUM Research Centre<\/a>, Salle Agora | 900 rue Saint-Denis, Montreal, QC, H2X 0A9<\/p>\n<p><em>Please note that participation in the conference is free of charge for members and oncology drug access coordinators, or any professionals in this role.<\/em><\/p>\n<p>[\/et_pb_text][et_pb_button button_url=&#8221;https:\/\/aqcamo.ca\/wp-content\/uploads\/2023\/10\/AQCAMO-Programmation-congres2023-1.pdf&#8221; url_new_window=&#8221;on&#8221; button_text=&#8221;View the program&#8221; button_alignment=&#8221;center&#8221; disabled_on=&#8221;off|off|off&#8221; _builder_version=&#8221;4.20.4&#8243; button_text_size=&#8221;21px&#8221; button_letter_spacing=&#8221;4px&#8221; global_colors_info=&#8221;{}&#8221;][\/et_pb_button][\/et_pb_column][\/et_pb_row][et_pb_row disabled_on=&#8221;on|on|on&#8221; _builder_version=&#8221;4.17.4&#8243; _module_preset=&#8221;default&#8221; disabled=&#8221;on&#8221; global_colors_info=&#8221;{}&#8221;][et_pb_column type=&#8221;4_4&#8243; _builder_version=&#8221;4.17.4&#8243; _module_preset=&#8221;default&#8221; global_colors_info=&#8221;{}&#8221;][et_pb_text disabled_on=&#8221;off|off|off&#8221; _builder_version=&#8221;4.20.4&#8243; _module_preset=&#8221;default&#8221; global_colors_info=&#8221;{}&#8221;]<\/p>\n<h1><span style=\"color: #3d3d3c;\"><strong>REGISTRATION<\/strong><\/span><\/h1>\n<p>[\/et_pb_text][et_pb_text disabled_on=&#8221;on|on|on&#8221; _builder_version=&#8221;4.20.4&#8243; _module_preset=&#8221;default&#8221; disabled=&#8221;on&#8221; global_colors_info=&#8221;{}&#8221;]<\/p>\n<p style=\"text-align: justify;\">Les inscriptions sont ferm\u00e9es.<\/p>\n<p>Veuillez nous contacter \u00e0 <a href=\"mailto:info@aqcamo.ca\">info@aqcamo.ca<\/a> pour toute question.<\/p>\n<p>[\/et_pb_text][et_pb_text disabled_on=&#8221;on|on|on&#8221; _builder_version=&#8221;4.20.4&#8243; _module_preset=&#8221;default&#8221; disabled=&#8221;on&#8221; global_colors_info=&#8221;{}&#8221;]<\/p>\n<p style=\"text-align: justify;\">Les inscriptions sont ferm\u00e9es.<\/p>\n<p>Veuillez nous contacter \u00e0 <a href=\"mailto:info@aqcamo.ca\">info@aqcamo.ca<\/a> pour toute question.<\/p>\n<p>[\/et_pb_text][et_pb_text disabled_on=&#8221;off|off|off&#8221; _builder_version=&#8221;4.20.4&#8243; _module_preset=&#8221;default&#8221; locked=&#8221;off&#8221; global_colors_info=&#8221;{}&#8221;]<\/p>\n<p><em>In order to purchase this product, it is important to log in to your account via the website to make the purchase!\u00a0<\/em><\/p>\n<p>[\/et_pb_text][et_pb_wc_price _builder_version=&#8221;4.20.4&#8243; _module_preset=&#8221;default&#8221; global_colors_info=&#8221;{}&#8221;][\/et_pb_wc_price][et_pb_wc_add_to_cart _builder_version=&#8221;4.20.4&#8243; _module_preset=&#8221;default&#8221; global_colors_info=&#8221;{}&#8221;][\/et_pb_wc_add_to_cart][et_pb_text _builder_version=&#8221;4.20.4&#8243; _module_preset=&#8221;default&#8221; global_colors_info=&#8221;{}&#8221;]<\/p>\n<h1><span style=\"color: #3d3d3c;\"><strong>GRATITUDE AWARD<\/strong><\/span><\/h1>\n<p>[\/et_pb_text][et_pb_text _builder_version=&#8221;4.20.4&#8243; _module_preset=&#8221;default&#8221; global_colors_info=&#8221;{}&#8221;]<\/p>\n<p>We are also pleased to announce the opening of nominations for the 2023 Gratitude Award! To support and highlight the excellence of oncology coordinators, the Association qu\u00e9b\u00e9coise des coordonnateurs d\u2019acc\u00e8s aux m\u00e9dicaments d\u2019oncologie (AQCAMO) will be awarding the Gratitude Award to one of its members.<\/p>\n<p><u><strong>Eligibility criteria<\/strong><\/u><\/p>\n<p>The Recognition Award will be presented to a CAM who has distinguished himself\/herself in his\/her practice and\/or through his\/her contribution to the advancement of the profession.<\/p>\n<p>The Recognition Awards will be presented at the Congress on October 21. For this reason, only candidates who are registered and present at the event will be considered.<\/p>\n<p><span style=\"color: #e02b20;\"><strong>Application deadline: September 30, 2023<\/strong><\/span><\/p>\n<p>&nbsp;<\/p>\n<p>&nbsp;<\/p>\n<p>[\/et_pb_text][et_pb_button button_url=&#8221;https:\/\/form.jotform.com\/232344705245250&#8243; url_new_window=&#8221;on&#8221; button_text=&#8221;Submit your application&#8221; button_alignment=&#8221;center&#8221; disabled_on=&#8221;off|off|off&#8221; _builder_version=&#8221;4.20.4&#8243; button_text_size=&#8221;21px&#8221; button_letter_spacing=&#8221;4px&#8221; global_colors_info=&#8221;{}&#8221;][\/et_pb_button][\/et_pb_column][\/et_pb_row][et_pb_row _builder_version=&#8221;4.17.4&#8243; _module_preset=&#8221;default&#8221; global_colors_info=&#8221;{}&#8221;][et_pb_column type=&#8221;4_4&#8243; _builder_version=&#8221;4.17.4&#8243; _module_preset=&#8221;default&#8221; global_colors_info=&#8221;{}&#8221;][et_pb_text _builder_version=&#8221;4.20.4&#8243; _module_preset=&#8221;default&#8221; global_colors_info=&#8221;{}&#8221;]<\/p>\n<h1><strong>THANKS TO OUR PRECIOUS PARTNERS<\/strong><\/h1>\n<p>[\/et_pb_text][\/et_pb_column][\/et_pb_row][et_pb_row column_structure=&#8221;1_5,1_5,1_5,1_5,1_5&#8243; _builder_version=&#8221;4.20.4&#8243; _module_preset=&#8221;default&#8221; locked=&#8221;off&#8221; global_colors_info=&#8221;{}&#8221;][et_pb_column type=&#8221;1_5&#8243; _builder_version=&#8221;4.20.4&#8243; _module_preset=&#8221;default&#8221; global_colors_info=&#8221;{}&#8221;][et_pb_image src=&#8221;https:\/\/aqcamo.ca\/wp-content\/uploads\/2023\/08\/15-1.png&#8221; title_text=&#8221;15&#8243; _builder_version=&#8221;4.20.4&#8243; _module_preset=&#8221;default&#8221; global_colors_info=&#8221;{}&#8221;][\/et_pb_image][et_pb_image src=&#8221;https:\/\/aqcamo.ca\/wp-content\/uploads\/2023\/08\/3.-Bayer-1.png&#8221; title_text=&#8221;3. Bayer&#8221; _builder_version=&#8221;4.20.4&#8243; _module_preset=&#8221;default&#8221; global_colors_info=&#8221;{}&#8221;][\/et_pb_image][et_pb_image src=&#8221;https:\/\/aqcamo.ca\/wp-content\/uploads\/2023\/08\/Incyte-1.png&#8221; title_text=&#8221;Incyte&#8221; _builder_version=&#8221;4.20.4&#8243; _module_preset=&#8221;default&#8221; global_colors_info=&#8221;{}&#8221;][\/et_pb_image][et_pb_image src=&#8221;https:\/\/aqcamo.ca\/wp-content\/uploads\/2023\/08\/8.-Pfizer-1.png&#8221; title_text=&#8221;8. Pfizer&#8221; _builder_version=&#8221;4.20.4&#8243; _module_preset=&#8221;default&#8221; global_colors_info=&#8221;{}&#8221;][\/et_pb_image][\/et_pb_column][et_pb_column type=&#8221;1_5&#8243; _builder_version=&#8221;4.20.4&#8243; _module_preset=&#8221;default&#8221; global_colors_info=&#8221;{}&#8221;][et_pb_image src=&#8221;https:\/\/aqcamo.ca\/wp-content\/uploads\/2023\/08\/14-1.png&#8221; title_text=&#8221;14&#8243; _builder_version=&#8221;4.20.4&#8243; _module_preset=&#8221;default&#8221; global_colors_info=&#8221;{}&#8221;][\/et_pb_image][et_pb_image src=&#8221;https:\/\/aqcamo.ca\/wp-content\/uploads\/2023\/08\/4.-Beigene-2.png&#8221; title_text=&#8221;4. Beigene&#8221; _builder_version=&#8221;4.20.4&#8243; _module_preset=&#8221;default&#8221; global_colors_info=&#8221;{}&#8221;][\/et_pb_image][et_pb_image src=&#8221;https:\/\/aqcamo.ca\/wp-content\/uploads\/2023\/08\/7.-IPSEN.png&#8221; title_text=&#8221;7. IPSEN&#8221; _builder_version=&#8221;4.20.4&#8243; _module_preset=&#8221;default&#8221; global_colors_info=&#8221;{}&#8221;][\/et_pb_image][et_pb_image src=&#8221;https:\/\/aqcamo.ca\/wp-content\/uploads\/2023\/08\/11.png&#8221; title_text=&#8221;11&#8243; _builder_version=&#8221;4.20.4&#8243; _module_preset=&#8221;default&#8221; global_colors_info=&#8221;{}&#8221;][\/et_pb_image][\/et_pb_column][et_pb_column type=&#8221;1_5&#8243; _builder_version=&#8221;4.20.4&#8243; _module_preset=&#8221;default&#8221; global_colors_info=&#8221;{}&#8221;][et_pb_image src=&#8221;https:\/\/aqcamo.ca\/wp-content\/uploads\/2023\/08\/QVR-logos_online-rgb-2048&#215;818-1-600&#215;240.png&#8221; title_text=&#8221;QVR-logos_online-rgb-2048&#215;818&#8243; _builder_version=&#8221;4.20.4&#8243; _module_preset=&#8221;default&#8221; global_colors_info=&#8221;{}&#8221;][\/et_pb_image][et_pb_image src=&#8221;https:\/\/aqcamo.ca\/wp-content\/uploads\/2023\/08\/13.png&#8221; title_text=&#8221;13&#8243; _builder_version=&#8221;4.20.4&#8243; _module_preset=&#8221;default&#8221; global_colors_info=&#8221;{}&#8221;][\/et_pb_image][et_pb_image src=&#8221;https:\/\/aqcamo.ca\/wp-content\/uploads\/2023\/08\/18.png&#8221; title_text=&#8221;18&#8243; _builder_version=&#8221;4.20.4&#8243; _module_preset=&#8221;default&#8221; global_colors_info=&#8221;{}&#8221;][\/et_pb_image][et_pb_image src=&#8221;https:\/\/aqcamo.ca\/wp-content\/uploads\/2023\/08\/20.png&#8221; title_text=&#8221;20&#8243; _builder_version=&#8221;4.20.4&#8243; _module_preset=&#8221;default&#8221; global_colors_info=&#8221;{}&#8221;][\/et_pb_image][\/et_pb_column][et_pb_column type=&#8221;1_5&#8243; _builder_version=&#8221;4.20.4&#8243; _module_preset=&#8221;default&#8221; global_colors_info=&#8221;{}&#8221;][et_pb_image src=&#8221;https:\/\/aqcamo.ca\/wp-content\/uploads\/2023\/08\/2.-Astellas-1.png&#8221; title_text=&#8221;2. Astellas&#8221; _builder_version=&#8221;4.20.4&#8243; _module_preset=&#8221;default&#8221; global_colors_info=&#8221;{}&#8221;][\/et_pb_image][et_pb_image src=&#8221;https:\/\/aqcamo.ca\/wp-content\/uploads\/2023\/08\/17.png&#8221; title_text=&#8221;17&#8243; _builder_version=&#8221;4.20.4&#8243; _module_preset=&#8221;default&#8221; global_colors_info=&#8221;{}&#8221;][\/et_pb_image][et_pb_image src=&#8221;https:\/\/aqcamo.ca\/wp-content\/uploads\/2023\/10\/Logo-des-partenaires-AQCAMO-evenement-1.png&#8221; title_text=&#8221;Logo des partenaires AQCAMO &#8211; \u00e9v\u00e9nement (1)&#8221; _builder_version=&#8221;4.20.4&#8243; _module_preset=&#8221;default&#8221; global_colors_info=&#8221;{}&#8221;][\/et_pb_image][et_pb_image src=&#8221;https:\/\/aqcamo.ca\/wp-content\/uploads\/2023\/08\/9.-Sanofi-1.png&#8221; title_text=&#8221;9. Sanofi&#8221; _builder_version=&#8221;4.20.4&#8243; _module_preset=&#8221;default&#8221; global_colors_info=&#8221;{}&#8221;][\/et_pb_image][\/et_pb_column][et_pb_column type=&#8221;1_5&#8243; _builder_version=&#8221;4.20.4&#8243; _module_preset=&#8221;default&#8221; global_colors_info=&#8221;{}&#8221;][et_pb_image src=&#8221;https:\/\/aqcamo.ca\/wp-content\/uploads\/2023\/08\/1.Alliance-2.png&#8221; title_text=&#8221;1.Alliance&#8221; _builder_version=&#8221;4.20.4&#8243; _module_preset=&#8221;default&#8221; global_colors_info=&#8221;{}&#8221;][\/et_pb_image][et_pb_image src=&#8221;https:\/\/aqcamo.ca\/wp-content\/uploads\/2023\/08\/28.png&#8221; title_text=&#8221;28&#8243; _builder_version=&#8221;4.20.4&#8243; _module_preset=&#8221;default&#8221; global_colors_info=&#8221;{}&#8221;][\/et_pb_image][et_pb_image src=&#8221;https:\/\/aqcamo.ca\/wp-content\/uploads\/2023\/08\/25.png&#8221; title_text=&#8221;25&#8243; _builder_version=&#8221;4.20.4&#8243; _module_preset=&#8221;default&#8221; global_colors_info=&#8221;{}&#8221;][\/et_pb_image][et_pb_image src=&#8221;https:\/\/aqcamo.ca\/wp-content\/uploads\/2023\/10\/16-1.png&#8221; title_text=&#8221;16&#8243; _builder_version=&#8221;4.20.4&#8243; _module_preset=&#8221;default&#8221; global_colors_info=&#8221;{}&#8221;][\/et_pb_image][\/et_pb_column][\/et_pb_row][et_pb_row disabled_on=&#8221;on|on|on&#8221; _builder_version=&#8221;4.16&#8243; disabled=&#8221;on&#8221; global_colors_info=&#8221;{}&#8221;][et_pb_column type=&#8221;4_4&#8243; _builder_version=&#8221;4.16&#8243; global_colors_info=&#8221;{}&#8221;][et_pb_text _builder_version=&#8221;4.20.4&#8243; _module_preset=&#8221;default&#8221; global_colors_info=&#8221;{}&#8221;]<\/p>\n<h1><strong>DEVENEZ PARTENAIRE DE L&#8217;\u00c9V\u00c9NEMENT<\/strong><\/h1>\n<p>&nbsp;<\/p>\n<p>Souhaitez-vous contribuer \u00e0 la r\u00e9ussite de notre \u00e9v\u00e9nement? Devenez partenaire sans plus attendre.<\/p>\n<p>[\/et_pb_text][et_pb_button button_url=&#8221;https:\/\/aqcamo.ca\/wp-content\/uploads\/2022\/07\/CongresSoireeReconnaissance_Plan-de-partenariat.pdf&#8221; url_new_window=&#8221;on&#8221; button_text=&#8221;CONSULTEZ LE PLAN DE PARTENARIAT&#8221; button_alignment=&#8221;center&#8221; _builder_version=&#8221;4.17.4&#8243; button_text_size=&#8221;21px&#8221; button_letter_spacing=&#8221;4px&#8221; global_colors_info=&#8221;{}&#8221;][\/et_pb_button][\/et_pb_column][\/et_pb_row][\/et_pb_section]<\/p>\n","protected":false},"excerpt":{"rendered":"<p>AQCAMO is thrilled to announce that registration is now officially open for its Congress and Cocktail Reception. This event will be held on October 21, 2023, at the CHUM Research Centre, under the theme \u201cPartager nos exp\u00e9riences fait notre force\u201d, and will highlight the important role of CAMs within the oncology team.<\/p>\n","protected":false},"featured_media":7768,"template":"","meta":{"_acf_changed":false,"_et_pb_use_builder":"on","_et_pb_old_content":"","_et_gb_content_width":"","_monsterinsights_skip_tracking":false,"_monsterinsights_sitenote_active":false,"_monsterinsights_sitenote_note":"","_monsterinsights_sitenote_category":0},"product_brand":[],"product_cat":[34],"product_tag":[],"class_list":{"0":"post-7747","1":"product","2":"type-product","3":"status-publish","4":"has-post-thumbnail","6":"product_cat-evenements-en","8":"first","9":"instock","10":"taxable","11":"shipping-taxable","12":"purchasable","13":"product-type-simple"},"acf":[],"_links":{"self":[{"href":"https:\/\/aqcamo.ca\/en\/wp-json\/wp\/v2\/product\/7747","targetHints":{"allow":["GET"]}}],"collection":[{"href":"https:\/\/aqcamo.ca\/en\/wp-json\/wp\/v2\/product"}],"about":[{"href":"https:\/\/aqcamo.ca\/en\/wp-json\/wp\/v2\/types\/product"}],"wp:featuredmedia":[{"embeddable":true,"href":"https:\/\/aqcamo.ca\/en\/wp-json\/wp\/v2\/media\/7768"}],"wp:attachment":[{"href":"https:\/\/aqcamo.ca\/en\/wp-json\/wp\/v2\/media?parent=7747"}],"wp:term":[{"taxonomy":"product_brand","embeddable":true,"href":"https:\/\/aqcamo.ca\/en\/wp-json\/wp\/v2\/product_brand?post=7747"},{"taxonomy":"product_cat","embeddable":true,"href":"https:\/\/aqcamo.ca\/en\/wp-json\/wp\/v2\/product_cat?post=7747"},{"taxonomy":"product_tag","embeddable":true,"href":"https:\/\/aqcamo.ca\/en\/wp-json\/wp\/v2\/product_tag?post=7747"}],"curies":[{"name":"wp","href":"https:\/\/api.w.org\/{rel}","templated":true}]}}