{"id":2642,"date":"2021-03-16T12:53:08","date_gmt":"2021-03-16T16:53:08","guid":{"rendered":"https:\/\/aqcamo.ca\/?page_id=2642"},"modified":"2021-03-16T13:25:13","modified_gmt":"2021-03-16T17:25:13","slug":"privacy-policy","status":"publish","type":"page","link":"https:\/\/aqcamo.ca\/en\/privacy-policy\/","title":{"rendered":"Privacy Policy"},"content":{"rendered":"<p>[et_pb_section fb_built=&#8221;1&#8243; _builder_version=&#8221;4.0.7&#8243;][et_pb_row _builder_version=&#8221;4.0.7&#8243;][et_pb_column type=&#8221;4_4&#8243; _builder_version=&#8221;4.0.7&#8243;][et_pb_text _builder_version=&#8221;4.0.7&#8243;]<\/p>\n<p>This Privacy Policy describes how ACQAMO uses and protects the information that you provide when navigating this website.<\/p>\n<p>AQCAMO is committed to ensuring that your private information is protected. If you are asked to provide information by which you can be identified when using this site, please be assured that it will be used in accordance with this privacy statement.AQCAMO reserves the right to modify this policy at any time. We suggest to visit this page occasionally to ensure that you are aware of any changes.<\/p>\n<p>&nbsp;<\/p>\n<h3>INFORMATION WE COLLECT<\/h3>\n<p>We may collect the following information:<\/p>\n<ul>\n<li>name and job title<\/li>\n<li>personal information including your email address<\/li>\n<\/ul>\n<p>We require this information to provide you with a better service, more specifically :<\/p>\n<ul>\n<li>for internal records<\/li>\n<li>to improve the products and services offered to you.<\/li>\n<\/ul>\n<h3>SECURITY<\/h3>\n<p>We are committed to ensuring that your information is secure. To prevent unauthorized access or disclosure implemented appropriate physical, electronic, and managerial procedures to safeguard and secure the information we collect online.<\/p>\n<p>Regardless of the circumstances, the Internet user will be regarded as solely responsible for the actions carried out using his username or password.<\/p>\n<p>&nbsp;<\/p>\n<h3>LINKS TO OTHER SITES<\/h3>\n<p>Our website may contain links to other sites of interest. However, once you have used these links to leave our site, you should note that we have no control over the other websites\u2019 privacy policy. We cannot be held responsible for the protection and privacy of any information you provide while visiting these sites, as they are not governed by this privacy statement. You should exercise caution and review the privacy statements provided by the sites in question.<\/p>\n<p>&nbsp;<\/p>\n<h3>CONTROL OF YOUR PERSONAL INFORMATION<\/h3>\n<p>AQCAMO does not sell or rent your personal information to third party entities, unless we have your explicit authorization or if a request is issued by a legal authority. AQCAMO recommends that it\u2019s website users do not send confidential information by e-mail.<\/p>\n<p>&nbsp;<\/p>\n<h3>COOKIES<\/h3>\n<p>To analyze traffic to its website, AQCAMO uses Google Analytics with cookies<\/p>\n<p>&nbsp;<\/p>\n<h3>HOSTING AND DATA<\/h3>\n<p>Our website is hosted by L&#8217;Associ\u00e9 Web.<\/p>\n<p>[\/et_pb_text][\/et_pb_column][\/et_pb_row][\/et_pb_section]<\/p>\n","protected":false},"excerpt":{"rendered":"<p>This Privacy Policy describes how ACQAMO uses and&#8230;<\/p>\n","protected":false},"author":1,"featured_media":0,"parent":0,"menu_order":0,"comment_status":"closed","ping_status":"closed","template":"","meta":{"_acf_changed":false,"_et_pb_use_builder":"on","_et_pb_old_content":"<p>[et_pb_section fb_built=\"1\" _builder_version=\"4.0.7\"][et_pb_row _builder_version=\"4.0.7\"][et_pb_column type=\"4_4\" _builder_version=\"4.0.7\"][et_pb_text _builder_version=\"4.0.7\" hover_enabled=\"0\"]<\/p><p>Cette politique de confidentialit\u00e9 d\u00e9finit la mani\u00e8re dont l\u2019AQCAMO utilise et prot\u00e8ge les informations que vous transmettez \u00e0 l\u2019AQCAMO lorsque vous utilisez ce site.<\/p><p>L\u2019AQCAMO s\u2019engage \u00e0 faire en sorte que vos informations priv\u00e9es soient prot\u00e9g\u00e9es. Si nous vous demandons de fournir certaines informations par lesquelles vous pourriez \u00eatre identifi\u00e9 lors de l\u2019utilisation de ce site, soyez assur\u00e9 qu\u2019elles seront utilis\u00e9es en toute conformit\u00e9 \u00e0 la pr\u00e9sente d\u00e9claration de confidentialit\u00e9.<\/p><p>L\u2019AQCAMO se r\u00e9serve le droit de modifier cette politique en tout temps. Vous devez v\u00e9rifier cette page de temps en temps pour vous assurer que vous \u00eates satisfait des changements.<\/p><p>\u00a0<\/p><h3>CE QUE NOUS COLLECTONS<\/h3><p>Nous pouvons collecter les informations suivantes:<\/p><ul><li>nom et titre d\u2019emploi<\/li><li>Information sur les personnes y compris l\u2019adresse courriel<\/li><\/ul><h3><strong>Ce que nous faisons avec les informations que nous recueillons<\/strong><\/h3><p>Nous avons besoin de ces renseignements pour vous fournir un service accru, plus sp\u00e9cifiquement :<\/p><ul><li>pour la tenue de dossiers internes<\/li><li>pour am\u00e9liorer nos produits et services.<\/li><\/ul><h3>S\u00c9CURIT\u00c9<\/h3><p>Nous nous sommes engag\u00e9s \u00e0 assurer que vos informations soient s\u00e9curis\u00e9es. Afin de pr\u00e9venir un acc\u00e8s non autoris\u00e9 ou divulgation, nous avons mis en place des proc\u00e9dures physiques, \u00e9lectroniques et de gestion pour sauvegarder et s\u00e9curiser les informations que nous recueillons en ligne.<\/p><p>Peu importe les circonstances, l\u2019internaute s\u2019av\u00e8re le seul et unique responsable des actes qui pourrait \u00eatre accomplis au moyen de son nom d\u2019utilisateur ou de son mot de passe.<\/p><p>\u00a0<\/p><h3>LIENS VERS D\u2019AUTRES SITES<\/h3><p>Notre site web peut contenir des liens vers d\u2019autres sites d\u2019int\u00e9r\u00eat. Cependant, une fois que vous avez utilis\u00e9 ces liens pour quitter notre site, vous devez noter que nous n\u2019avons aucun contr\u00f4le sur les sites web d\u2019autres compagnies. Par cons\u00e9quent, nous ne pouvons pas \u00eatre tenus responsables de la protection et la confidentialit\u00e9 des informations que vous fournissez en visitant ces sites car ceux-ci ne sont pas r\u00e9gis par la pr\u00e9sente d\u00e9claration de confidentialit\u00e9. Vous devez faire preuve de prudence et lire la d\u00e9claration de confidentialit\u00e9 applicable aux sites en question.<\/p><p>\u00a0<\/p><h3>CONTR\u00d4LE DE VOS INFORMATIONS PERSONNELLES<\/h3><p>L\u2019AQCAMO ne vend pas ou ne loue pas vos informations personnelles \u00e0 des tiers, \u00e0 moins d\u2019avoir obtenu votre autorisation expresse, ou, le cas \u00e9ch\u00e9ant si une demande est \u00e9mise par une autorit\u00e9 l\u00e9gale. L\u2019AQCAMO recommande aux utilisateurs de son site web de ne pas envoyer de renseignements confidentiels par courriels.<\/p><p>\u00a0<\/p><h3>FICHIERS T\u00c9MOINS<\/h3><p>Pour analyser les visites de son site Web, l\u2019AQCAMO utilise Google Analytics avec des fichiers t\u00e9moins (fichier texte).<\/p><p>\u00a0<\/p><h3>H\u00c9BERGEMENT ET DONN\u00c9ES<\/h3><p>Notre site Web est h\u00e9berg\u00e9 par l\u2019Associ\u00e9_Web.<\/p><p>[\/et_pb_text][\/et_pb_column][\/et_pb_row][\/et_pb_section]<\/p>","_et_gb_content_width":"","_monsterinsights_skip_tracking":false,"_monsterinsights_sitenote_active":false,"_monsterinsights_sitenote_note":"","_monsterinsights_sitenote_category":0,"footnotes":""},"class_list":["post-2642","page","type-page","status-publish","hentry"],"acf":[],"_links":{"self":[{"href":"https:\/\/aqcamo.ca\/en\/wp-json\/wp\/v2\/pages\/2642","targetHints":{"allow":["GET"]}}],"collection":[{"href":"https:\/\/aqcamo.ca\/en\/wp-json\/wp\/v2\/pages"}],"about":[{"href":"https:\/\/aqcamo.ca\/en\/wp-json\/wp\/v2\/types\/page"}],"author":[{"embeddable":true,"href":"https:\/\/aqcamo.ca\/en\/wp-json\/wp\/v2\/users\/1"}],"replies":[{"embeddable":true,"href":"https:\/\/aqcamo.ca\/en\/wp-json\/wp\/v2\/comments?post=2642"}],"version-history":[{"count":4,"href":"https:\/\/aqcamo.ca\/en\/wp-json\/wp\/v2\/pages\/2642\/revisions"}],"predecessor-version":[{"id":2664,"href":"https:\/\/aqcamo.ca\/en\/wp-json\/wp\/v2\/pages\/2642\/revisions\/2664"}],"wp:attachment":[{"href":"https:\/\/aqcamo.ca\/en\/wp-json\/wp\/v2\/media?parent=2642"}],"curies":[{"name":"wp","href":"https:\/\/api.w.org\/{rel}","templated":true}]}}