{"id":2145,"date":"2021-02-23T16:30:50","date_gmt":"2021-02-23T21:30:50","guid":{"rendered":"https:\/\/aqcamo.ca\/?page_id=2145"},"modified":"2026-03-24T00:11:03","modified_gmt":"2026-03-24T04:11:03","slug":"useful-links","status":"publish","type":"page","link":"https:\/\/aqcamo.ca\/en\/useful-links\/","title":{"rendered":"Useful Links"},"content":{"rendered":"<p>[et_pb_section fb_built=&#8221;1&#8243; _builder_version=&#8221;4.16&#8243; custom_padding=&#8221;17px|||||&#8221; global_colors_info=&#8221;{}&#8221;][et_pb_row column_structure=&#8221;1_2,1_2&#8243; _builder_version=&#8221;4.16&#8243; custom_padding=&#8221;17px||0px||false|false&#8221; global_colors_info=&#8221;{}&#8221;][et_pb_column type=&#8221;1_2&#8243; _builder_version=&#8221;4.16&#8243; global_colors_info=&#8221;{}&#8221;][et_pb_text ul_type=&#8221;square&#8221; _builder_version=&#8221;4.27.0&#8243; text_font=&#8221;||||||||&#8221; link_font=&#8221;||||||||&#8221; link_text_color=&#8221;#75b72c&#8221; min_height=&#8221;446px&#8221; custom_margin=&#8221;||5px|||&#8221; custom_padding=&#8221;||0px|||&#8221; global_colors_info=&#8221;{}&#8221;]<\/p>\n<h3 aria-level=\"1\"><\/h3>\n<h3 aria-level=\"1\"><strong>Canadian Non-Profit Organizations<\/strong><\/h3>\n<ul>\n<li data-aria-posinset=\"1\" data-aria-level=\"2\"><a href=\"https:\/\/www.colorectalcancercanada.com\/prevention\/prevention-overview\/\" target=\"_blank\" rel=\"noopener noreferrer\"><span data-contrast=\"auto\">Colorectal Cancer Canada<\/span><\/a><\/li>\n<li data-aria-posinset=\"2\" data-aria-level=\"2\"><a href=\"https:\/\/ovariancanada.org\" target=\"_blank\" rel=\"noopener noreferrer\"><span data-contrast=\"auto\">Ovarian Cancer Canada<\/span><\/a><\/li>\n<li data-aria-posinset=\"3\" data-aria-level=\"2\"><a href=\"https:\/\/bladdercancercanada.org\/en\/\" target=\"_blank\" rel=\"noopener noreferrer\"><span data-contrast=\"auto\">Bladder Cancer Canada<\/span><\/a><\/li>\n<li data-aria-posinset=\"4\" data-aria-level=\"2\"><a href=\"https:\/\/www.lungcancercanada.ca\/home.aspx?lang=en-CA\" target=\"_blank\" rel=\"noopener noreferrer\"><span data-contrast=\"auto\">Lung Cancer Canada<\/span><\/a><\/li>\n<li data-aria-posinset=\"5\" data-aria-level=\"2\"><a href=\"https:\/\/www.kidneycancercanada.ca\/\" target=\"_blank\" rel=\"noopener noreferrer\"><span data-contrast=\"auto\">Kidney Cancer Canada<\/span><\/a><\/li>\n<li data-aria-posinset=\"6\" data-aria-level=\"2\"><a href=\"https:\/\/www.braintumour.ca\/\" target=\"_blank\" rel=\"noopener noreferrer\"><span data-contrast=\"auto\">Brain Tumor Foundation of Canada<\/span><\/a><\/li>\n<li data-aria-posinset=\"6\" data-aria-level=\"2\"><a href=\"https:\/\/www.llscanada.org\/\"><span data-contrast=\"auto\">The Leukemia and Lymphoma Society of Canada (LLSC)<\/span><\/a><\/li>\n<li data-aria-posinset=\"6\" data-aria-level=\"2\"><a href=\"https:\/\/www.saveyourskin.ca\/\"><span data-contrast=\"auto\">Save Your Skin Foundation<\/span><\/a><\/li>\n<li data-aria-posinset=\"6\" data-aria-level=\"2\"><a href=\"https:\/\/www.mygutfeeling.ca\/\"><span data-contrast=\"auto\">My Gut Feeling<\/span><\/a><\/li>\n<\/ul>\n<h3 aria-level=\"1\"><strong><span style=\"text-align: inherit; font-size: 1em;\">Quebec Non-Profit Organizations <\/span><\/strong><\/h3>\n<ul>\n<li data-aria-posinset=\"1\" data-aria-level=\"2\"><a href=\"https:\/\/fqc.qc.ca\/en\" target=\"_blank\" rel=\"noopener noreferrer\"><span data-contrast=\"auto\">Quebec Cancer Foundation<\/span><\/a><\/li>\n<li data-aria-posinset=\"2\" data-aria-level=\"2\"><a href=\"https:\/\/rubanrose.org\/en\/\" target=\"_blank\" rel=\"noopener noreferrer\"><span data-contrast=\"auto\">Quebec Breast Cancer Foundation<\/span><\/a><\/li>\n<li data-aria-posinset=\"3\" data-aria-level=\"2\"><a href=\"https:\/\/www.leucan.qc.ca\/en\/\" target=\"_blank\" rel=\"noopener noreferrer\"><span data-contrast=\"auto\">Leucan<\/span><\/a><\/li>\n<li data-aria-posinset=\"4\" data-aria-level=\"2\"><a href=\"https:\/\/thetokeronline.ca\/about-the-lung-health-foundation\/\" target=\"_blank\" rel=\"noopener noreferrer\"><span data-contrast=\"auto\">Lung Health Foundation<\/span><\/a><\/li>\n<li data-aria-posinset=\"5\" data-aria-level=\"2\"><a href=\"http:\/\/www.acsqc.ca\/\" target=\"_blank\" rel=\"noopener noreferrer\"><span data-contrast=\"auto\">Breast Cancer Action Quebec<\/span><\/a><\/li>\n<li data-aria-posinset=\"6\" data-aria-level=\"2\"><span data-contrast=\"auto\"><a href=\"http:\/\/www.fondationandrecote.ca\/\" target=\"_blank\" rel=\"noopener noreferrer\">Andr\u00e9-C\u00f4t\u00e9 Foundation<\/a><\/span><\/li>\n<li data-aria-posinset=\"6\" data-aria-level=\"2\"><a href=\"https:\/\/hpvglobalaction.org\/en\/\">HPV global action<\/a><\/li>\n<\/ul>\n<h3><strong>Patients\u2019 Support Groups<\/strong><\/h3>\n<ul>\n<li><a href=\"https:\/\/cancer.ca\/en\/living-with-cancer\/how-we-can-help\/child-youth-and-young-adult-supports\" target=\"_blank\" rel=\"noopener noreferrer\">Join a support group waiting list<\/a><\/li>\n<\/ul>\n<p>[\/et_pb_text][et_pb_text ul_type=&#8221;square&#8221; _builder_version=&#8221;4.16&#8243; text_font=&#8221;||||||||&#8221; link_font=&#8221;||||||||&#8221; link_text_color=&#8221;#75b72c&#8221; custom_margin=&#8221;||5px|||&#8221; custom_padding=&#8221;||0px|||&#8221; global_colors_info=&#8221;{}&#8221;]<\/p>\n<h3 aria-level=\"1\"><strong>Insurance companies<\/strong><\/h3>\n<ul>\n<li data-aria-posinset=\"1\" data-aria-level=\"2\"><a href=\"https:\/\/qc.bluecross.ca\/?sessionGUID=1eb38aa7-9dba-ea0d-171a-73c4bc910259&amp;webSyncID=179dda67-6727-5517-56b6-27a8929daae5&amp;sessionGUID=1eb38aa7-9dba-ea0d-171a-73c4bc910259&amp;_ga=2.126208781.1026249066.1624376239-1792758076.1624376239\" target=\"_blank\" rel=\"noopener noreferrer\"><span data-contrast=\"auto\">Croix-Bleu<\/span>\u00a0<\/a><\/li>\n<li data-aria-posinset=\"2\" data-aria-level=\"2\"><a href=\"https:\/\/www.desjardinsgeneralinsurance.com\/home?Region=Qu%C3%A9bec&amp;Langues=English\" target=\"_blank\" rel=\"noopener noreferrer\"><span data-contrast=\"auto\">Desjardins<\/span>\u00a0<\/a><\/li>\n<li data-aria-posinset=\"3\" data-aria-level=\"2\"><a href=\"https:\/\/www.canadalife.com\/\" target=\"_blank\" rel=\"noopener noreferrer\"><span data-contrast=\"auto\">Great-West<\/span>\u00a0<\/a><\/li>\n<li data-aria-posinset=\"4\" data-aria-level=\"2\"><a href=\"https:\/\/ia.ca\/individuals\" target=\"_blank\" rel=\"noopener noreferrer\"><span data-contrast=\"auto\">Industrielle Alliance<\/span>\u00a0<\/a><\/li>\n<li data-aria-posinset=\"5\" data-aria-level=\"2\"><a href=\"https:\/\/www.lacapitale.com\/en\" target=\"_blank\" rel=\"noopener noreferrer\"><span data-contrast=\"auto\">La Capitale<\/span>\u00a0<\/a><\/li>\n<li data-aria-posinset=\"6\" data-aria-level=\"2\"><a href=\"https:\/\/ssq.ca\/en\" target=\"_blank\" rel=\"noopener noreferrer\"><span data-contrast=\"auto\">SSQ<\/span>\u00a0<\/a><\/li>\n<li data-aria-posinset=\"7\" data-aria-level=\"2\"><a href=\"https:\/\/www.manulife.ca\/personal.html\" target=\"_blank\" rel=\"noopener noreferrer\"><span data-contrast=\"auto\">Manuvie<\/span>\u00a0<\/a><\/li>\n<li data-aria-posinset=\"8\" data-aria-level=\"2\"><a href=\"https:\/\/uvinsurance.ca\/\" target=\"_blank\" rel=\"noopener noreferrer\"><span data-contrast=\"auto\">UV Mutuelle<\/span>\u00a0<\/a><\/li>\n<\/ul>\n<p>[\/et_pb_text][\/et_pb_column][et_pb_column type=&#8221;1_2&#8243; _builder_version=&#8221;4.16&#8243; global_colors_info=&#8221;{}&#8221;][et_pb_text ul_type=&#8221;square&#8221; _builder_version=&#8221;4.27.4&#8243; text_text_color=&#8221;#000000&#8243; link_text_color=&#8221;#75b72c&#8221; ul_text_color=&#8221;#000000&#8243; custom_margin=&#8221;||10px||false|false&#8221; custom_padding=&#8221;||||false|false&#8221; hover_enabled=&#8221;0&#8243; global_colors_info=&#8221;{}&#8221; sticky_enabled=&#8221;0&#8243;]<\/p>\n<h3><strong>Institutes<\/strong><\/h3>\n<ul>\n<li data-aria-posinset=\"1\" data-aria-level=\"2\"><a href=\"https:\/\/icm.qc.ca\/\" target=\"_blank\" rel=\"noopener noreferrer\"><span data-contrast=\"auto\">Institut du cancer de Montr\u00e9al<\/span><\/a><\/li>\n<li data-aria-posinset=\"2\" data-aria-level=\"2\"><a href=\"https:\/\/cihr-irsc.gc.ca\/e\/12506.html\" target=\"_blank\" rel=\"noopener noreferrer\"><span data-contrast=\"auto\">Canadian Institutes of Health Research<\/span><\/a><\/li>\n<li data-aria-posinset=\"3\" data-aria-level=\"2\"><a href=\"https:\/\/survivornet.ca\/fr\/cancer-type\/cancer-tous-types\/organisations-internationales-de-cancer-tous-types\/\" target=\"_blank\" rel=\"noopener noreferrer\"><span data-contrast=\"auto\">Canadian Cancer Survivor Network<\/span><\/a><\/li>\n<\/ul>\n<p>&nbsp;<\/p>\n<h3 aria-level=\"1\"><strong>Governmental Institutions<\/strong><\/h3>\n<p><span data-contrast=\"auto\">Links <\/span><\/p>\n<ul>\n<li data-aria-posinset=\"1\" data-aria-level=\"2\"><a href=\"https:\/\/health-products.canada.ca\/dpd-bdpp\/switchlocale.do?lang=en&amp;url=t.search.recherche\" target=\"_blank\" rel=\"noopener noreferrer\"><span data-contrast=\"auto\">Online pharmaceutical search<\/span><\/a><\/li>\n<li data-aria-posinset=\"2\" data-aria-level=\"2\"><a href=\"https:\/\/www.ramq.gouv.qc.ca\/fr\/professionnels\/pharmaciens\/medicaments\/medicaments-patient-exception\/Pages\/medicaments-exception.aspx\" target=\"_blank\" rel=\"noopener noreferrer\"><span data-contrast=\"auto\">RAMQ \u2013 List of Exception Drugs<\/span><\/a><\/li>\n<li data-aria-posinset=\"2\" data-aria-level=\"2\"><a href=\"https:\/\/www.ramq.gouv.qc.ca\/fr\/professionnels\/pharmaciens\/medicaments\/medicaments-patient-exception\/Pages\/index-formulaires-mc.aspx\" target=\"_blank\" rel=\"noopener noreferrer\">RAMQ \u2013 Demande d\u2019autorisation de paiement \u2013 M\u00e9dicaments d\u2019exception<\/a><\/li>\n<li data-aria-posinset=\"2\" data-aria-level=\"2\"><a style=\"text-align: inherit; font-size: 1em;\" href=\"https:\/\/www.cadth.ca\/reimbursement-review-reports\" target=\"_blank\" rel=\"noopener noreferrer\"><span data-contrast=\"auto\">CADTH &#8211; Evidence Driven<\/span><\/a><\/li>\n<li data-aria-posinset=\"2\" data-aria-level=\"2\"><a href=\"https:\/\/aqcamo.ca\/wp-content\/uploads\/2021\/08\/Utilisation-des-medicaments-biosimilaires-Juillet-2021.pdf\"><span data-contrast=\"auto\">Optimal use of biologics and biosimilars (french)<\/span><\/a><\/li>\n<\/ul>\n<p><span style=\"color: inherit; text-align: inherit; font-size: 1em;\">Links for Patients <\/span><\/p>\n<ul>\n<li data-aria-posinset=\"1\" data-aria-level=\"2\"><a href=\"https:\/\/www.sac-isc.gc.ca\/eng\/1569861171996\/1569861324236\" target=\"_blank\" rel=\"noopener noreferrer\"><span data-contrast=\"auto\">Indigenous Health<\/span><\/a><\/li>\n<li data-aria-posinset=\"2\" data-aria-level=\"2\"><a href=\"https:\/\/www.canada.ca\/en\/immigration-refugees-citizenship\/services\/refugees\/help-within-canada\/health-care.html\" target=\"_blank\" rel=\"noopener noreferrer\"><span data-contrast=\"auto\">Healthcare &#8211; Refugees<\/span><\/a><\/li>\n<li data-aria-posinset=\"3\" data-aria-level=\"2\"><a href=\"https:\/\/coalitioncancer.com\/en\/\" target=\"_blank\" rel=\"noopener noreferrer\"><span data-contrast=\"auto\">Quebec Cancer Coalition <\/span><\/a><\/li>\n<li data-aria-posinset=\"3\" data-aria-level=\"2\"><a href=\"https:\/\/www.bloodcancers.ca\/i-have-blood-cancer\/how-we-can-help\/one-kilometre-time-transportation-subsidy-program\">Program for travel<\/a><\/li>\n<li data-aria-posinset=\"3\" data-aria-level=\"2\"><a href=\"https:\/\/coactif.ca\">Virage Foundation<\/a><\/li>\n<\/ul>\n<p><span style=\"color: inherit; text-align: inherit; font-size: 1em;\">Links for Health Professional <\/span><\/p>\n<ul>\n<li data-aria-posinset=\"1\" data-aria-level=\"2\"><a href=\"https:\/\/www.capho.org\/\" target=\"_blank\" rel=\"noopener noreferrer\"><span data-contrast=\"auto\">Canadian Association of Pharamcy in Oncology<\/span><\/a><\/li>\n<li data-aria-posinset=\"2\" data-aria-level=\"2\"><a href=\"https:\/\/www.apesquebec.org\/\" target=\"_blank\" rel=\"noopener noreferrer\"><span data-contrast=\"auto\">Association des pharmaciens des \u00e9tablissements de sant\u00e9 du Qu\u00e9bec<\/span><\/a><\/li>\n<li data-aria-posinset=\"3\" data-aria-level=\"2\"><a href=\"https:\/\/www.aqio.org\" target=\"_blank\" rel=\"noopener noreferrer\"><span data-contrast=\"auto\">Association qu\u00e9b\u00e9coise des infirmi\u00e8res en Oncologie<\/span><\/a><\/li>\n<li data-aria-posinset=\"4\" data-aria-level=\"2\"><a href=\"https:\/\/aqatp.ca\/\" target=\"_blank\" rel=\"noopener noreferrer\"><span data-contrast=\"auto\">Association qu\u00e9b\u00e9coise des assistants techniques en pharmacie<\/span><\/a><\/li>\n<li data-aria-posinset=\"5\" data-aria-level=\"2\"><a href=\"https:\/\/www.cano-acio.ca\/\" target=\"_blank\" rel=\"noopener noreferrer\"><span data-contrast=\"auto\">Canadian Association of Nurses in Oncology<\/span><\/a><\/li>\n<li data-aria-posinset=\"6\" data-aria-level=\"2\"><a href=\"https:\/\/www.capo.ca\/\" target=\"_blank\" rel=\"noopener noreferrer\"><span data-contrast=\"auto\">Canadian Association of Psychosocial Oncology<\/span><\/a><\/li>\n<\/ul>\n<h3><\/h3>\n<h3><span style=\"color: inherit; text-align: inherit; font-size: 1em;\">Other useful links<\/span><\/h3>\n<ul>\n<li data-aria-posinset=\"1\" data-aria-level=\"2\"><a href=\"https:\/\/www.clhia.ca\/web\/CLHIA_LP4W_LND_Webstation.nsf\/resources\/Consumer+Brochures\/$file\/Brochure_Guide_To_CoOrdinationBenefits_FR.pdf\">Guide to the coordination of benefits<\/a><\/li>\n<li data-aria-posinset=\"1\" data-aria-level=\"2\"><a href=\"https:\/\/www.lanierlawfirm.com\/mesothelioma\/treatment\/\">Mesothelioma treatment<\/a><\/li>\n<li data-aria-posinset=\"1\" data-aria-level=\"2\"><a href=\"https:\/\/mesothelioma.net\/mesothelioma-diagnosis\/\" target=\"_blank\" rel=\"noopener\">Mesothelioma Diagnosis Information<\/a><\/li>\n<li data-aria-posinset=\"1\" data-aria-level=\"2\"><a href=\"https:\/\/pacificmedicaltraining.com\/leukemia\">Leukemia<\/a><\/li>\n<\/ul>\n<p>[\/et_pb_text][\/et_pb_column][\/et_pb_row][\/et_pb_section]<\/p>\n","protected":false},"excerpt":{"rendered":"<p>Canadian Non-Profit Organizations Colorectal Cancer&#8230;<\/p>\n","protected":false},"author":1,"featured_media":0,"parent":0,"menu_order":0,"comment_status":"closed","ping_status":"closed","template":"","meta":{"_acf_changed":false,"_et_pb_use_builder":"on","_et_pb_old_content":"","_et_gb_content_width":"","_monsterinsights_skip_tracking":false,"_monsterinsights_sitenote_active":false,"_monsterinsights_sitenote_note":"","_monsterinsights_sitenote_category":0,"footnotes":""},"class_list":["post-2145","page","type-page","status-publish","hentry"],"acf":[],"_links":{"self":[{"href":"https:\/\/aqcamo.ca\/en\/wp-json\/wp\/v2\/pages\/2145","targetHints":{"allow":["GET"]}}],"collection":[{"href":"https:\/\/aqcamo.ca\/en\/wp-json\/wp\/v2\/pages"}],"about":[{"href":"https:\/\/aqcamo.ca\/en\/wp-json\/wp\/v2\/types\/page"}],"author":[{"embeddable":true,"href":"https:\/\/aqcamo.ca\/en\/wp-json\/wp\/v2\/users\/1"}],"replies":[{"embeddable":true,"href":"https:\/\/aqcamo.ca\/en\/wp-json\/wp\/v2\/comments?post=2145"}],"version-history":[{"count":33,"href":"https:\/\/aqcamo.ca\/en\/wp-json\/wp\/v2\/pages\/2145\/revisions"}],"predecessor-version":[{"id":12477,"href":"https:\/\/aqcamo.ca\/en\/wp-json\/wp\/v2\/pages\/2145\/revisions\/12477"}],"wp:attachment":[{"href":"https:\/\/aqcamo.ca\/en\/wp-json\/wp\/v2\/media?parent=2145"}],"curies":[{"name":"wp","href":"https:\/\/api.w.org\/{rel}","templated":true}]}}