{"id":20,"date":"2020-11-02T20:31:30","date_gmt":"2020-11-02T20:31:30","guid":{"rendered":"https:\/\/aqcamo.ca\/?page_id=20"},"modified":"2025-10-28T22:31:55","modified_gmt":"2025-10-29T02:31:55","slug":"accueil","status":"publish","type":"page","link":"https:\/\/aqcamo.ca\/en\/","title":{"rendered":"Home Page"},"content":{"rendered":"<p>[et_pb_section fb_built=&#8221;1&#8243; module_id=&#8221;acces_rapide&#8221; _builder_version=&#8221;4.16&#8243; custom_margin=&#8221;||||false|false&#8221; custom_padding=&#8221;||0px||false|false&#8221; global_colors_info=&#8221;{}&#8221;][et_pb_row column_structure=&#8221;1_3,1_3,1_3&#8243; make_equal=&#8221;on&#8221; _builder_version=&#8221;4.16&#8243; custom_margin=&#8221;||||false|false&#8221; custom_padding=&#8221;||||false|false&#8221; global_colors_info=&#8221;{}&#8221;][et_pb_column type=&#8221;1_3&#8243; _builder_version=&#8221;4.16&#8243; background_color=&#8221;#FFFFFF&#8221; global_colors_info=&#8221;{}&#8221;][et_pb_text module_class=&#8221;banner-box-1&#8243; _builder_version=&#8221;4.16&#8243; height=&#8221;237px&#8221; custom_margin=&#8221;|||0px|false|false&#8221; custom_padding=&#8221;50px|36px|36px|36px|false|false&#8221; border_radii=&#8221;on|1px|1px|1px|1px&#8221; border_width_all=&#8221;1px&#8221; border_color_all=&#8221;#414142&#8243; global_colors_info=&#8221;{}&#8221;]<\/p>\n<h2>Access<\/h2>\n<p>to various government resources<\/p>\n<a href=\"\/en\/useful-links\/\" target=\"_self\"><button class=\"btn \">Learn more<\/button><\/a>\n<p>[\/et_pb_text][\/et_pb_column][et_pb_column type=&#8221;1_3&#8243; _builder_version=&#8221;4.16&#8243; background_color=&#8221;#414142&#8243; global_colors_info=&#8221;{}&#8221;][et_pb_text module_class=&#8221;banner-box-2&#8243; _builder_version=&#8221;4.16&#8243; background_color=&#8221;#414142&#8243; height=&#8221;237px&#8221; custom_margin=&#8221;||||false|false&#8221; custom_padding=&#8221;50px|36px|36px|36px|false|false&#8221; global_colors_info=&#8221;{}&#8221;]<\/p>\n<h2>Support<\/h2>\n<p>to cancer patients<\/p>\n<a href=\"\/en\/patients-support\/\" target=\"_self\"><button class=\"btn \">Learn More<\/button><\/a>\n<p>[\/et_pb_text][\/et_pb_column][et_pb_column type=&#8221;1_3&#8243; _builder_version=&#8221;4.16&#8243; background_color=&#8221;#414142&#8243; global_colors_info=&#8221;{}&#8221;][et_pb_text module_class=&#8221;banner-box-3&#8243; _builder_version=&#8221;4.16&#8243; background_color=&#8221;#414142&#8243; height=&#8221;237px&#8221; custom_margin=&#8221;|0px|||false|false&#8221; custom_padding=&#8221;50px|36px|36px|36px|false|false&#8221; global_colors_info=&#8221;{}&#8221;]<\/p>\n<h2>Assistance<\/h2>\n<p>with the reimbursement of non-subsidized oncology drugs<\/p>\n<a href=\"\/en\/patients-reimbursement\/\" target=\"_self\"><button class=\"btn \">Learn more<\/button><\/a>\n<p>[\/et_pb_text][\/et_pb_column][\/et_pb_row][\/et_pb_section][et_pb_section fb_built=&#8221;1&#8243; module_class=&#8221;qui&#8221; _builder_version=&#8221;4.16&#8243; background_color=&#8221;#ececed&#8221; custom_margin=&#8221;||||false|false&#8221; custom_padding=&#8221;0px|0px|0px|0px|false|false&#8221; global_colors_info=&#8221;{}&#8221;][et_pb_row column_structure=&#8221;1_2,1_2&#8243; make_equal=&#8221;on&#8221; module_id=&#8221;know&#8221; _builder_version=&#8221;4.27.3&#8243; custom_margin=&#8221;||||false|false&#8221; custom_padding=&#8221;0px|0px|0px|0px|false|false&#8221; global_colors_info=&#8221;{}&#8221;][et_pb_column type=&#8221;1_2&#8243; _builder_version=&#8221;4.27.3&#8243; background_enable_image=&#8221;off&#8221; global_colors_info=&#8221;{}&#8221;][et_pb_video src=&#8221;https:\/\/aqcamo.ca\/wp-content\/uploads\/2023\/03\/AQCAMO-HD_V1_ENGST.mp4&#8243; image_src=&#8221;https:\/\/aqcamo.ca\/wp-content\/uploads\/2024\/11\/video-capture-1.98seg-5951.png&#8221; _builder_version=&#8221;4.27.3&#8243; _module_preset=&#8221;default&#8221; custom_margin=&#8221;20px||||false|false&#8221; global_colors_info=&#8221;{}&#8221;][\/et_pb_video][\/et_pb_column][et_pb_column type=&#8221;1_2&#8243; _builder_version=&#8221;4.16&#8243; global_colors_info=&#8221;{}&#8221;][et_pb_text _builder_version=&#8221;4.19.5&#8243; custom_margin=&#8221;||||false|false&#8221; custom_padding=&#8221;45px||45px||false|false&#8221; global_colors_info=&#8221;{}&#8221;]<\/p>\n<p>The <em>Association qu\u00e9b\u00e9coise des coordonnateurs d&#8217;acc\u00e8s aux m\u00e9dicaments d&#8217;oncologie <\/em>(AQCAMO) provides its members with support, updates and education on how to access oncology medication.<\/p>\n<p><span style=\"color: inherit; text-align: inherit;\">Drug access as well as coverage are becoming increasingly complex, while drug reimbursement navigators are in high demand in Quebec by both physicians and patients.<\/span><\/p>\n<a href=\"\/en\/about\/\" target=\"_self\"><button class=\"btn \">Learn More<\/button><\/a>\n<p>[\/et_pb_text][\/et_pb_column][\/et_pb_row][et_pb_row _builder_version=&#8221;4.27.4&#8243; _module_preset=&#8221;default&#8221;][et_pb_column _builder_version=&#8221;4.27.4&#8243; _module_preset=&#8221;default&#8221; type=&#8221;4_4&#8243;][et_pb_text _builder_version=&#8221;4.27.4&#8243; _module_preset=&#8221;default&#8221; hover_enabled=&#8221;0&#8243; sticky_enabled=&#8221;0&#8243;]<\/p>\n<h3 data-start=\"499\" data-end=\"529\">\ud83c\udf89 New in the Media<\/h3>\n<p data-start=\"530\" data-end=\"776\"><strong data-start=\"530\" data-end=\"578\">Navigating Toward More Equitable Drug Access<\/strong><br data-start=\"578\" data-end=\"581\" \/><em data-start=\"581\" data-end=\"776\">A recent article highlights the crucial role of Drug Access Navigators in ensuring timely access to innovative cancer treatments in Qu\u00e9bec \u2014 and the important mission of AQCAMO to support them.<\/em><\/p>\n<p data-start=\"778\" data-end=\"824\">\ud83d\udc49 <a href=\"https:\/\/www.20sense.ca\/articles\/34-04\"><strong data-start=\"781\" data-end=\"806\">Read the full article<\/strong><\/a><\/p>\n<p>[\/et_pb_text][\/et_pb_column][\/et_pb_row][\/et_pb_section][et_pb_section fb_built=&#8221;1&#8243; module_class=&#8221;accueil-partenaires&#8221; _builder_version=&#8221;4.16&#8243; min_height=&#8221;292px&#8221; custom_margin=&#8221;||||false|false&#8221; custom_padding=&#8221;25px|20px|100px|20px|false|false&#8221; global_colors_info=&#8221;{}&#8221;][et_pb_row _builder_version=&#8221;4.16&#8243; custom_padding=&#8221;||8px|||&#8221; global_colors_info=&#8221;{}&#8221;][et_pb_column type=&#8221;4_4&#8243; _builder_version=&#8221;4.16&#8243; global_colors_info=&#8221;{}&#8221;][et_pb_text _builder_version=&#8221;4.20.4&#8243; global_colors_info=&#8221;{}&#8221;]<\/p>\n<h2 style=\"text-align: center;\">Thank you to our partners<\/h2>\n<p>[\/et_pb_text][\/et_pb_column][\/et_pb_row][et_pb_row column_structure=&#8221;1_2,1_2&#8243; _builder_version=&#8221;4.20.4&#8243; _module_preset=&#8221;default&#8221; global_colors_info=&#8221;{}&#8221;][et_pb_column type=&#8221;1_2&#8243; _builder_version=&#8221;4.20.4&#8243; _module_preset=&#8221;default&#8221; global_colors_info=&#8221;{}&#8221;][et_pb_image src=&#8221;https:\/\/aqcamo.ca\/wp-content\/uploads\/2024\/07\/apotex-logo-final.png&#8221; title_text=&#8221;apotex-logo-final&#8221; _builder_version=&#8221;4.27.0&#8243; _module_preset=&#8221;default&#8221; global_colors_info=&#8221;{}&#8221;][\/et_pb_image][et_pb_image src=&#8221;https:\/\/aqcamo.ca\/wp-content\/uploads\/2025\/10\/JnJ.png&#8221; title_text=&#8221;JnJ&#8221; _builder_version=&#8221;4.27.4&#8243; _module_preset=&#8221;default&#8221; global_colors_info=&#8221;{}&#8221;][\/et_pb_image][\/et_pb_column][et_pb_column type=&#8221;1_2&#8243; _builder_version=&#8221;4.20.4&#8243; _module_preset=&#8221;default&#8221; global_colors_info=&#8221;{}&#8221;][et_pb_image src=&#8221;https:\/\/aqcamo.ca\/wp-content\/uploads\/2024\/07\/pfizer-logo.png&#8221; title_text=&#8221;pfizer-logo&#8221; _builder_version=&#8221;4.27.0&#8243; _module_preset=&#8221;default&#8221; global_colors_info=&#8221;{}&#8221;][\/et_pb_image][et_pb_image src=&#8221;https:\/\/aqcamo.ca\/wp-content\/uploads\/2024\/07\/emreach-logo.png&#8221; title_text=&#8221;emreach-logo&#8221; _builder_version=&#8221;4.27.0&#8243; _module_preset=&#8221;default&#8221; global_colors_info=&#8221;{}&#8221;][\/et_pb_image][et_pb_image src=&#8221;https:\/\/aqcamo.ca\/wp-content\/uploads\/2025\/05\/Sun_Pharma-smaller-2-768&#215;499-2.webp&#8221; title_text=&#8221;Sun_Pharma-smaller-2-768&#215;499&#8243; url=&#8221;https:\/\/sunpharma.com\/canada\/&#8221; _builder_version=&#8221;4.27.4&#8243; _module_preset=&#8221;default&#8221; global_colors_info=&#8221;{}&#8221;][\/et_pb_image][\/et_pb_column][\/et_pb_row][et_pb_row _builder_version=&#8221;4.27.0&#8243; _module_preset=&#8221;default&#8221; global_colors_info=&#8221;{}&#8221;][et_pb_column type=&#8221;4_4&#8243; _builder_version=&#8221;4.27.0&#8243; _module_preset=&#8221;default&#8221; global_colors_info=&#8221;{}&#8221;][et_pb_text _builder_version=&#8221;4.27.0&#8243; _module_preset=&#8221;default&#8221; global_colors_info=&#8221;{}&#8221;]<\/p>\n<p><strong>Discover Our Partners!<\/strong><br \/>To view the complete list of our partners, <a href=\"https:\/\/aqcamo.ca\/en\/partners\/\">please visit our Partners page.<\/a> There, you&#8217;ll find information about all the collaborations that help us provide exceptional service.<\/p>\n<p>[\/et_pb_text][\/et_pb_column][\/et_pb_row][\/et_pb_section]<\/p>\n","protected":false},"excerpt":{"rendered":"<p>Access to various government resources Learn more&#8230;<\/p>\n","protected":false},"author":1,"featured_media":0,"parent":0,"menu_order":0,"comment_status":"closed","ping_status":"closed","template":"page-home.php","meta":{"_acf_changed":false,"_et_pb_use_builder":"on","_et_pb_old_content":"","_et_gb_content_width":"","_monsterinsights_skip_tracking":false,"_monsterinsights_sitenote_active":false,"_monsterinsights_sitenote_note":"","_monsterinsights_sitenote_category":0,"footnotes":""},"class_list":["post-20","page","type-page","status-publish","hentry"],"acf":[],"_links":{"self":[{"href":"https:\/\/aqcamo.ca\/en\/wp-json\/wp\/v2\/pages\/20","targetHints":{"allow":["GET"]}}],"collection":[{"href":"https:\/\/aqcamo.ca\/en\/wp-json\/wp\/v2\/pages"}],"about":[{"href":"https:\/\/aqcamo.ca\/en\/wp-json\/wp\/v2\/types\/page"}],"author":[{"embeddable":true,"href":"https:\/\/aqcamo.ca\/en\/wp-json\/wp\/v2\/users\/1"}],"replies":[{"embeddable":true,"href":"https:\/\/aqcamo.ca\/en\/wp-json\/wp\/v2\/comments?post=20"}],"version-history":[{"count":54,"href":"https:\/\/aqcamo.ca\/en\/wp-json\/wp\/v2\/pages\/20\/revisions"}],"predecessor-version":[{"id":12278,"href":"https:\/\/aqcamo.ca\/en\/wp-json\/wp\/v2\/pages\/20\/revisions\/12278"}],"wp:attachment":[{"href":"https:\/\/aqcamo.ca\/en\/wp-json\/wp\/v2\/media?parent=20"}],"curies":[{"name":"wp","href":"https:\/\/api.w.org\/{rel}","templated":true}]}}