{"id":10595,"date":"2024-11-12T22:03:25","date_gmt":"2024-11-13T03:03:25","guid":{"rendered":"https:\/\/aqcamo.ca\/?page_id=10595"},"modified":"2025-10-22T20:17:49","modified_gmt":"2025-10-23T00:17:49","slug":"photo-gallery","status":"publish","type":"page","link":"https:\/\/aqcamo.ca\/en\/photo-gallery\/","title":{"rendered":"Photo gallery"},"content":{"rendered":"<p>[et_pb_section fb_built=&#8221;1&#8243; _builder_version=&#8221;4.16&#8243; custom_margin=&#8221;0px||0px||false|false&#8221; global_colors_info=&#8221;{}&#8221;][et_pb_row column_structure=&#8221;2_3,1_3&#8243; _builder_version=&#8221;4.16&#8243; custom_margin=&#8221;0px||0px||false|false&#8221; custom_padding=&#8221;|0px||0px|false|false&#8221; global_colors_info=&#8221;{}&#8221;][et_pb_column type=&#8221;2_3&#8243; _builder_version=&#8221;4.16&#8243; global_colors_info=&#8221;{}&#8221;][et_pb_text admin_label=&#8221;Text&#8221; module_class=&#8221;soutien&#8221; _builder_version=&#8221;4.27.4&#8243; global_colors_info=&#8221;{}&#8221;]<\/p>\n<h2>2025 Congress<\/h2>\n<p><scribe-shadow id=\"crxjs-ext\" data-crx=\"ejommccbnocgekjphflienmbmkallcef\" style=\"position: fixed; width: 0px; height: 0px; top: 0px; left: 0px; z-index: 2147483647; overflow: visible; visibility: visible;\"><\/scribe-shadow><\/p>\n<p>[\/et_pb_text][et_pb_gallery gallery_ids=&#8221;12239,12237,12235,12233,12231,12229,12227,12225,12223,12221,12219,12217,12215,12213,12211,12209,12207,12205,12203,12201,12199,12197,12195,12193,12191,12189,12187,12185,12183,12181,12179,12177,12175,12173,12171,12169,12167,12165,12163,12161,12159,12157,12155,12153,12151,12149,12147,12145,12143,12141,12139,12137,12135,12133,12131,12129,12127,12125,12123,12121,12119,12117,12115,12113,12111,12109,12107,12105,12103,12101,12099,12097,12095,12093,12091,12089,12087,12085,12083,12081,12079,12077,12075,12073,12071,12069,12067,12065,12063,12061,12059,12057,12055,12053,12051,12049,12047,12045,12043,12041,12039,12037,12035,12033,12031,12029,12027,12025,12023,12021,12019,12017,12015,12013,12011,12009,12007,12005,12003,12001,11999,11997,11995,11993,11991,11989,11987,11985,11983,11981,11979,11977,11975,11973,11971,11969,11967,11965,11963,11961,11959,11957,11955,11953,11951,11949,11947,11945,11943,11941,11939,11937,11935,11933,11931,11929,11927,11925,11923,11921,11919,11917,11915,11913,11911,11909,11907,11905,11903,11901,11899,11897,11895,11893,11891,11889,11887,11885,11883,11881,11879,11877,11875,11873,11871,11869,11867,11865,11863,11861,11859,11857,11855,11853,11851,11849,11847,11845,11843,11841,11839,11837,11835,11833,11831,11829,11827,11825,11823,11821,11819,11817,11815,11813,11811,11809,11807,11805,11803,11801,11799,11797,11795,11793,11791,11789,11787,11785,11783,11781,11779,11777,11775,11773,11771,11769,11767,11765,11763,11761,11759,11757,11755,11753,11751,11749,11747,11745,11743,11741,11739,11737,11735,11733,11731,11729,11727,11725,11723,11721,11719,11717,11715,11713,11711,11709,11707,11705,11703,11701,11699,11697,11695,11693,11691,11689,11687,11685,11683&#8243; fullwidth=&#8221;on&#8221; _builder_version=&#8221;4.27.4&#8243; _module_preset=&#8221;default&#8221; hover_enabled=&#8221;0&#8243; global_colors_info=&#8221;{}&#8221; sticky_enabled=&#8221;0&#8243;][\/et_pb_gallery][et_pb_text admin_label=&#8221;Text&#8221; module_class=&#8221;soutien&#8221; _builder_version=&#8221;4.27.3&#8243; global_colors_info=&#8221;{}&#8221;]<\/p>\n<h2>2024\u00a0Congress<\/h2>\n<p>[\/et_pb_text][et_pb_gallery gallery_ids=&#8221;10175,10177,10179,10181,10183,10185,10187,10189,10191,10193,10195,10197,10199,10201,10203,10205,10207,10209,10211,10213,10215,10217,10219,10221,10223,10225,10227,10229,10231,10233,10235,10237,10239,10241,10243,10245,10247,10249,10251,10253,10255,10257,10259,10261,10263,10265,10267,10269,10271,10273,10275,10277,10279,10281,10283,10285,10287,10289,10291,10293,10295,10297,10299,10301,10303,10305,10307,10309,10311,10313,10315,10317,10319,10321,10323,10325,10327,10329,10331,10333,10335,10337,10339,10341,10343,10345,10347,10349,10351,10353,10355,10357,10359,10361,10363,10365,10367,10369,10371,10373,10375,10377,10379,10381,10383,10385,10387,10389,10391,10393,10395,10397,10399,10401,10403,10405,10407,10409,10411,10413,10415,10417,10419,10421,10423,10425,10427,10429,10431,10433,10435,10437,10439,10441,10443,10445,10447,10449,10451,10453,10455,10457,10459,10461,10463,10465,10467,10469,10471,10473,10475,10477,10479,10481,10483,10485,10487,10489,10491,10493,10495,10497,10499,10501,10503,10505,10507,10509,10511,10513,10515,10517,10519,10521,10523,10525,10527,10529,10531,10533,10535,10537,10539,10541,10543,10545,10547,10549,10551,10553,10555,10557,10559,10561,10563,10565,10567,10569&#8243; gallery_orderby=&#8221;rand&#8221; fullwidth=&#8221;on&#8221; admin_label=&#8221;2024&#8243; _builder_version=&#8221;4.27.3&#8243; _module_preset=&#8221;default&#8221; global_colors_info=&#8221;{}&#8221;][\/et_pb_gallery][et_pb_divider _builder_version=&#8221;4.18.0&#8243; _module_preset=&#8221;default&#8221; global_colors_info=&#8221;{}&#8221;][\/et_pb_divider][et_pb_text admin_label=&#8221;Text&#8221; module_class=&#8221;soutien&#8221; _builder_version=&#8221;4.27.3&#8243; global_colors_info=&#8221;{}&#8221;]<\/p>\n<h2>2023\u00a0Congress\u00a0<\/h2>\n<p>[\/et_pb_text][et_pb_gallery gallery_ids=&#8221;8795,8791,8793,8789,8785,8787,8783,8781,8779,8777,8775,8773,8749,8751,8753,8755,8757,8759,8761,8763,8765,8767,8769,8771,8747,8745,8743,8741,8739,8737,8735,8733,8731,8729,8727,8725,8701,8703,8705,8707,8709,8711,8713,8715,8717,8719,8721,8723,8699,8697,8695,8693,8691,8689,8687,8685,8683,8681,8679,8677,8653,8655,8657,8659,8661,8663,8665,8667,8669,8671,8673,8675,8651,8649,8647,8645,8643,8641,8639,8637,8635,8633,8631,8629,8605,8607,8609,8611,8613,8615,8617,8619,8621,8623,8625,8627,8603,8601,8599,8597,8595,8593,8591,8589,8587,8585,8583,8581,8557,8559,8561,8563,8565,8567,8569,8571,8573,8575,8577,8579,8555,8553,8551,8549,8547,8545,8543,8541,8539,8537,8535,8533,8509,8511,8513,8515,8517,8519,8521,8523,8525,8527,8529,8531,8507,8483,8481,8505,8503,8479,8477,8501,8499,8497,8495,8493,8491,8489,8487,8485,8475,8473,8471,8469,8467,8465,8463,8461,8437,8413,8415,8439,8441,8417,8419,8443,8445,8421,8423,8447,8449,8425,8427,8451,8453,8429,8431,8455,8457,8433,8435,8459,8411&#8243; gallery_orderby=&#8221;rand&#8221; fullwidth=&#8221;on&#8221; _builder_version=&#8221;4.23.1&#8243; _module_preset=&#8221;default&#8221; global_colors_info=&#8221;{}&#8221;][\/et_pb_gallery][et_pb_divider _builder_version=&#8221;4.18.0&#8243; _module_preset=&#8221;default&#8221; global_colors_info=&#8221;{}&#8221;][\/et_pb_divider][et_pb_text admin_label=&#8221;Text&#8221; module_class=&#8221;soutien&#8221; _builder_version=&#8221;4.27.3&#8243; global_colors_info=&#8221;{}&#8221;]<\/p>\n<h2>2022 Congress &amp; Recognition Evening<\/h2>\n<p>[\/et_pb_text][et_pb_gallery gallery_ids=&#8221;6437,6439,6441,6443,6445,6447,6449,6451,6453,6455,6457,6459,6461,6463,6465,6467,6469,6471,6473,6475,6477,6479,6481,6483,6485,6487,6489,6491,6493,6495,6497,6499,6501,6503,6505,6507,6509,6511,6513,6515,6517,6519,6521,6523,6525,6527,6529,6531,6533,6535,6537,6539,6541,6543,6545,6435,6547,6549,6551,6553,6555,6557,6559,6561,6563,6565,6567,6569,6571,6573,6575,6577,6579,6581,6583,6585,6587,6589,6591,6593,6595,6597,6599,6601,6603,6605,6607,6609,6611,6613,6615,6617,6619,6621,6623,6625,6627,6629,6631,6633,6635&#8243; gallery_orderby=&#8221;rand&#8221; fullwidth=&#8221;on&#8221; _builder_version=&#8221;4.18.0&#8243; _module_preset=&#8221;default&#8221; global_colors_info=&#8221;{}&#8221;][\/et_pb_gallery][et_pb_divider _builder_version=&#8221;4.18.0&#8243; _module_preset=&#8221;default&#8221; global_colors_info=&#8221;{}&#8221;][\/et_pb_divider][et_pb_text admin_label=&#8221;Text&#8221; module_class=&#8221;soutien&#8221; _builder_version=&#8221;4.27.3&#8243; global_colors_info=&#8221;{}&#8221;]<\/p>\n<h2>2021 Recognition Day<\/h2>\n<p>[\/et_pb_text][et_pb_gallery gallery_ids=&#8221;4954,4950,4948,4946,4944,4942,4940,4938,4936,4934,4932,4930,4928,4926,4924,4922,4920,4918,4916,4914,4912,4910,4908,4906,4904,4902,4900,4898,4896,4894,4892,4890,4888,4886,4884,4882,4880,4878,4876,4874,4872,4870,4866,4864,4862,4856,4854,4852,4850,4848,4846,4844,4842,4840,4838,4836,4834,4832,4830,4828,4826,4824,4822,4820,4818,4816,4814&#8243; gallery_orderby=&#8221;rand&#8221; fullwidth=&#8221;on&#8221; _builder_version=&#8221;4.16&#8243; global_colors_info=&#8221;{}&#8221;][\/et_pb_gallery][\/et_pb_column][et_pb_column type=&#8221;1_3&#8243; module_class=&#8221;sidebar&#8221; _builder_version=&#8221;4.16&#8243; global_colors_info=&#8221;{}&#8221;][et_pb_text disabled_on=&#8221;off|off|off&#8221; module_class=&#8221;references&#8221; _builder_version=&#8221;4.16&#8243; background_color=&#8221;#ececed&#8221; custom_margin=&#8221;||||false|false&#8221; custom_padding=&#8221;29.7%|10%|10.2%|10%|false|false&#8221; global_colors_info=&#8221;{}&#8221;]<\/p>\n<h2>\u00c9V\u00c9NEMENTS<\/h2>\n<p><a href=\"https:\/\/aqcamo.ca\/en\/events\/\">D\u00e9couvrez les prochains \u00e9v\u00e9nements<\/a><\/p>\n<p>[\/et_pb_text][\/et_pb_column][\/et_pb_row][\/et_pb_section]<\/p>\n","protected":false},"excerpt":{"rendered":"<p>2025 Congress 2024\u00a0Congress 2023\u00a0Congress\u00a0 2022&#8230;<\/p>\n","protected":false},"author":318,"featured_media":0,"parent":0,"menu_order":0,"comment_status":"closed","ping_status":"closed","template":"","meta":{"_acf_changed":false,"_et_pb_use_builder":"on","_et_pb_old_content":"","_et_gb_content_width":"","_monsterinsights_skip_tracking":false,"_monsterinsights_sitenote_active":false,"_monsterinsights_sitenote_note":"","_monsterinsights_sitenote_category":0,"footnotes":""},"class_list":["post-10595","page","type-page","status-publish","hentry"],"acf":[],"_links":{"self":[{"href":"https:\/\/aqcamo.ca\/en\/wp-json\/wp\/v2\/pages\/10595","targetHints":{"allow":["GET"]}}],"collection":[{"href":"https:\/\/aqcamo.ca\/en\/wp-json\/wp\/v2\/pages"}],"about":[{"href":"https:\/\/aqcamo.ca\/en\/wp-json\/wp\/v2\/types\/page"}],"author":[{"embeddable":true,"href":"https:\/\/aqcamo.ca\/en\/wp-json\/wp\/v2\/users\/318"}],"replies":[{"embeddable":true,"href":"https:\/\/aqcamo.ca\/en\/wp-json\/wp\/v2\/comments?post=10595"}],"version-history":[{"count":11,"href":"https:\/\/aqcamo.ca\/en\/wp-json\/wp\/v2\/pages\/10595\/revisions"}],"predecessor-version":[{"id":12251,"href":"https:\/\/aqcamo.ca\/en\/wp-json\/wp\/v2\/pages\/10595\/revisions\/12251"}],"wp:attachment":[{"href":"https:\/\/aqcamo.ca\/en\/wp-json\/wp\/v2\/media?parent=10595"}],"curies":[{"name":"wp","href":"https:\/\/api.w.org\/{rel}","templated":true}]}}